{"id":1232,"date":"2023-04-25T17:11:05","date_gmt":"2023-04-25T17:11:05","guid":{"rendered":"https:\/\/new.malakoff-plurielle.fr\/?page_id=1232"},"modified":"2023-05-10T13:30:22","modified_gmt":"2023-05-10T13:30:22","slug":"lhistoire","status":"publish","type":"page","link":"https:\/\/new.malakoff-plurielle.fr\/index.php\/lhistoire\/","title":{"rendered":"L&#8217;histoire"},"content":{"rendered":"\t\t<div data-elementor-type=\"wp-page\" data-elementor-id=\"1232\" class=\"elementor elementor-1232\">\n\t\t\t\t\t\t\t\t\t<section class=\"elementor-section elementor-top-section elementor-element elementor-element-8t2nfjz elementor-section-boxed elementor-section-height-default elementor-section-height-default wpr-particle-no wpr-jarallax-no wpr-parallax-no wpr-sticky-section-no\" data-id=\"8t2nfjz\" data-element_type=\"section\" data-settings=\"{&quot;background_background&quot;:&quot;classic&quot;}\" data-e-bg-lazyload=\"\">\n\t\t\t\t\t\t\t<div class=\"elementor-background-overlay\"><\/div>\n\t\t\t\t\t\t\t<div class=\"elementor-container elementor-column-gap-no\">\n\t\t\t\t\t<div class=\"elementor-column elementor-col-100 elementor-top-column elementor-element elementor-element-211dd39\" data-id=\"211dd39\" data-element_type=\"column\">\n\t\t\t<div class=\"elementor-widget-wrap elementor-element-populated\">\n\t\t\t\t\t\t\t\t<div class=\"elementor-element elementor-element-3b23e95 elementor-widget elementor-widget-heading\" data-id=\"3b23e95\" data-element_type=\"widget\" data-widget_type=\"heading.default\">\n\t\t\t\t<div class=\"elementor-widget-container\">\n\t\t\t<style>\/*! elementor - v3.12.2 - 23-04-2023 *\/\n.elementor-heading-title{padding:0;margin:0;line-height:1}.elementor-widget-heading .elementor-heading-title[class*=elementor-size-]>a{color:inherit;font-size:inherit;line-height:inherit}.elementor-widget-heading .elementor-heading-title.elementor-size-small{font-size:15px}.elementor-widget-heading .elementor-heading-title.elementor-size-medium{font-size:19px}.elementor-widget-heading .elementor-heading-title.elementor-size-large{font-size:29px}.elementor-widget-heading .elementor-heading-title.elementor-size-xl{font-size:39px}.elementor-widget-heading .elementor-heading-title.elementor-size-xxl{font-size:59px}<\/style><h1 class=\"elementor-heading-title elementor-size-default\">L'histoire<\/h1>\t\t<\/div>\n\t\t\t\t<\/div>\n\t\t\t\t<div class=\"elementor-element elementor-element-e342adf elementor-widget elementor-widget-text-editor\" data-id=\"e342adf\" data-element_type=\"widget\" data-widget_type=\"text-editor.default\">\n\t\t\t\t<div class=\"elementor-widget-container\">\n\t\t\t<style>\/*! elementor - v3.12.2 - 23-04-2023 *\/\n.elementor-widget-text-editor.elementor-drop-cap-view-stacked .elementor-drop-cap{background-color:#69727d;color:#fff}.elementor-widget-text-editor.elementor-drop-cap-view-framed .elementor-drop-cap{color:#69727d;border:3px solid;background-color:transparent}.elementor-widget-text-editor:not(.elementor-drop-cap-view-default) .elementor-drop-cap{margin-top:8px}.elementor-widget-text-editor:not(.elementor-drop-cap-view-default) .elementor-drop-cap-letter{width:1em;height:1em}.elementor-widget-text-editor .elementor-drop-cap{float:left;text-align:center;line-height:1;font-size:50px}.elementor-widget-text-editor .elementor-drop-cap-letter{display:inline-block}<\/style>\t\t\t\t\t\t\t\t\t\t<\/div>\n\t\t\t\t<\/div>\n\t\t\t\t\t<\/div>\n\t\t<\/div>\n\t\t\t\t\t\t\t<\/div>\n\t\t<\/section>\n\t\t\t\t<section class=\"elementor-section elementor-top-section elementor-element elementor-element-5921a388 elementor-section-boxed elementor-section-height-default elementor-section-height-default wpr-particle-no wpr-jarallax-no wpr-parallax-no wpr-sticky-section-no\" data-id=\"5921a388\" data-element_type=\"section\" data-settings=\"{&quot;background_background&quot;:&quot;classic&quot;}\">\n\t\t\t\t\t\t<div class=\"elementor-container elementor-column-gap-no\">\n\t\t\t\t\t<div class=\"elementor-column elementor-col-100 elementor-top-column elementor-element elementor-element-29255e49\" data-id=\"29255e49\" data-element_type=\"column\">\n\t\t\t<div class=\"elementor-widget-wrap elementor-element-populated\">\n\t\t\t\t\t\t\t\t<section class=\"elementor-section elementor-inner-section elementor-element elementor-element-305e8ac0 elementor-section-boxed elementor-section-height-default elementor-section-height-default wpr-particle-no wpr-jarallax-no wpr-parallax-no wpr-sticky-section-no\" data-id=\"305e8ac0\" data-element_type=\"section\">\n\t\t\t\t\t\t<div class=\"elementor-container elementor-column-gap-extended\">\n\t\t\t\t\t<div class=\"elementor-column elementor-col-50 elementor-inner-column elementor-element elementor-element-36cdb2b\" data-id=\"36cdb2b\" data-element_type=\"column\">\n\t\t\t<div class=\"elementor-widget-wrap elementor-element-populated\">\n\t\t\t\t\t\t\t\t<div class=\"elementor-element elementor-element-1c930a04 elementor-widget__width-initial elementor-invisible elementor-widget elementor-widget-eael-info-box\" data-id=\"1c930a04\" data-element_type=\"widget\" data-settings=\"{&quot;_animation&quot;:&quot;fadeInUp&quot;}\" data-e-bg-lazyload=\".elementor-widget-container\" data-widget_type=\"eael-info-box.default\">\n\t\t\t\t<div class=\"elementor-widget-container\">\n\t\t\t        <div class=\"eael-infobox\">\n\t            <div class=\"infobox-content\">\n                                                                                                        <\/div>\n            <\/div>\n\n\t\t\t\t<\/div>\n\t\t\t\t<\/div>\n\t\t\t\t<div class=\"elementor-element elementor-element-4ca9efc7 elementor-widget elementor-widget-eael-info-box\" data-id=\"4ca9efc7\" data-element_type=\"widget\" data-widget_type=\"eael-info-box.default\">\n\t\t\t\t<div class=\"elementor-widget-container\">\n\t\t\t        <div class=\"eael-infobox\">\n\t            <div class=\"infobox-content\">\n                                                                                                        <\/div>\n            <\/div>\n\n\t\t\t\t<\/div>\n\t\t\t\t<\/div>\n\t\t\t\t\t<\/div>\n\t\t<\/div>\n\t\t\t\t<div class=\"elementor-column elementor-col-50 elementor-inner-column elementor-element elementor-element-b7cc19\" data-id=\"b7cc19\" data-element_type=\"column\">\n\t\t\t<div class=\"elementor-widget-wrap elementor-element-populated\">\n\t\t\t\t\t\t\t\t<div class=\"elementor-element elementor-element-4d5a17ad elementor-invisible elementor-widget elementor-widget-heading\" data-id=\"4d5a17ad\" data-element_type=\"widget\" data-settings=\"{&quot;_animation&quot;:&quot;fadeInUp&quot;}\" data-widget_type=\"heading.default\">\n\t\t\t\t<div class=\"elementor-widget-container\">\n\t\t\t<h2 class=\"elementor-heading-title elementor-size-default\">Des origines \u00e0 nos jours <\/h2>\t\t<\/div>\n\t\t\t\t<\/div>\n\t\t\t\t<div class=\"elementor-element elementor-element-4fdbe43 elementor-widget__width-initial elementor-widget elementor-widget-text-editor\" data-id=\"4fdbe43\" data-element_type=\"widget\" data-widget_type=\"text-editor.default\">\n\t\t\t\t<div class=\"elementor-widget-container\">\n\t\t\t\t\t\t\t<p style=\"font-weight: 400;\">L\u2019association Malakoff Plurielle est l\u2019\u00e9mergence de la liste du m\u00eame nom cr\u00e9\u00e9e lors des \u00e9lections municipales de 2014. Nous avions recueilli 1 653 voix, soit 18,09% des voix des \u00e9lecteurs et trois \u00e9lus ! Nous avons souhait\u00e9 poursuivre son projet, et, le 29 avril 2014, l\u2019\u00e9quipe de campagne a fond\u00e9 l\u2019association Malakoff Plurielle.<\/p><p style=\"font-weight: 400;\">Cette structure a pour objet de rassembler les habitants de Malakoff aux valeurs de gauche, \u00e9cologiste et du centre qui souhaitent une ville durable, dynamique, juste, solidaire, et g\u00e9r\u00e9e dans la transparence. Dans le respect de ces objectifs, l\u2019association s\u2019engage \u00e0 porter ses propres projets et \u00e0 soutenir les initiatives des habitants et des associations aupr\u00e8s des instances comp\u00e9tentes.<\/p><p style=\"font-weight: 400;\">Pour Malakoff Plurielle, le citoyen doit \u00eatre au centre des pr\u00e9occupations des femmes et hommes politiques, c\u2019est pourquoi l\u2019association s\u2019est donn\u00e9e pour ligne de conduite de favoriser les rencontres et les \u00e9changes entre habitants par des d\u00e9bats, conf\u00e9rences, site internet participatif. Au fil des ans, l&#8217;association s&#8217;est d\u00e9velopp\u00e9e pour devenir une force majeure au sein de notre ville, \u0153uvrant \u00e0 la promotion de la justice sociale, \u00e9conomique et environnementale.<\/p><p style=\"font-weight: 400;\">Ses membres ont particip\u00e9 \u00e0 un large \u00e9ventail de projets et d&#8217;initiatives. Tout au long de son histoire, l&#8217;association Malakoff Plurielle est rest\u00e9e fid\u00e8le \u00e0 ses valeurs fondamentales de solidarit\u00e9, de d\u00e9mocratie et de durabilit\u00e9. Ses membres continuent \u00e0 travailler sans rel\u00e2che pour faire de Malakoff une ville agr\u00e9able \u00e0 vivre pour tous\u00a0: habitants, commer\u00e7ants et salari\u00e9s.<\/p><p style=\"font-weight: 400;\">Au fil des ans, l&#8217;association s&#8217;est d\u00e9velopp\u00e9e pour devenir une force majeure dans la communaut\u00e9 locale, \u0153uvrant \u00e0 la promotion de la justice sociale, \u00e9conomique et environnementale. Ses membres ont particip\u00e9 \u00e0 un large \u00e9ventail de projets et d&#8217;initiatives, allant de la promotion de logements plus abordables et de meilleurs transports publics \u00e0 la promotion de l&#8217;utilisation des \u00e9nergies renouvelables et du d\u00e9veloppement durable.<\/p><p style=\"font-weight: 400;\">Tout au long de son histoire, l&#8217;association Malakoff Plurielle est rest\u00e9e fid\u00e8le \u00e0 ses valeurs fondamentales de solidarit\u00e9, de d\u00e9mocratie et de durabilit\u00e9. Ses membres continuent \u00e0 travailler sans rel\u00e2che pour faire de Malakoff un meilleur endroit pour vivre, travailler et se divertir pour tous ses r\u00e9sidents.<\/p>\t\t\t\t\t\t<\/div>\n\t\t\t\t<\/div>\n\t\t\t\t\t<\/div>\n\t\t<\/div>\n\t\t\t\t\t\t\t<\/div>\n\t\t<\/section>\n\t\t\t\t\t<\/div>\n\t\t<\/div>\n\t\t\t\t\t\t\t<\/div>\n\t\t<\/section>\n\t\t\t\t<section class=\"elementor-section elementor-top-section elementor-element elementor-element-1df48d15 elementor-section-boxed elementor-section-height-default elementor-section-height-default wpr-particle-no wpr-jarallax-no wpr-parallax-no wpr-sticky-section-no\" data-id=\"1df48d15\" data-element_type=\"section\" data-settings=\"{&quot;background_background&quot;:&quot;classic&quot;}\">\n\t\t\t\t\t\t<div class=\"elementor-container elementor-column-gap-no\">\n\t\t\t\t\t<div class=\"elementor-column elementor-col-100 elementor-top-column elementor-element elementor-element-7f276e39\" data-id=\"7f276e39\" data-element_type=\"column\">\n\t\t\t<div class=\"elementor-widget-wrap elementor-element-populated\">\n\t\t\t\t\t\t\t\t<section class=\"elementor-section elementor-inner-section elementor-element elementor-element-40d9c11 elementor-section-boxed elementor-section-height-default elementor-section-height-default wpr-particle-no wpr-jarallax-no wpr-parallax-no wpr-sticky-section-no\" data-id=\"40d9c11\" data-element_type=\"section\">\n\t\t\t\t\t\t<div class=\"elementor-container elementor-column-gap-default\">\n\t\t\t\t\t<div class=\"elementor-column elementor-col-100 elementor-inner-column elementor-element elementor-element-6871db20\" data-id=\"6871db20\" data-element_type=\"column\">\n\t\t\t<div class=\"elementor-widget-wrap elementor-element-populated\">\n\t\t\t\t\t\t\t\t<div class=\"elementor-element elementor-element-732768f2 elementor-widget__width-initial elementor-invisible elementor-widget elementor-widget-heading\" data-id=\"732768f2\" data-element_type=\"widget\" data-settings=\"{&quot;_animation&quot;:&quot;fadeInUp&quot;}\" data-widget_type=\"heading.default\">\n\t\t\t\t<div class=\"elementor-widget-container\">\n\t\t\t<h2 class=\"elementor-heading-title elementor-size-default\">Derni\u00e8res nouvelles et articles<\/h2>\t\t<\/div>\n\t\t\t\t<\/div>\n\t\t\t\t\t<\/div>\n\t\t<\/div>\n\t\t\t\t\t\t\t<\/div>\n\t\t<\/section>\n\t\t\t\t<section class=\"elementor-section elementor-inner-section elementor-element elementor-element-723fd975 elementor-section-boxed elementor-section-height-default elementor-section-height-default wpr-particle-no wpr-jarallax-no wpr-parallax-no wpr-sticky-section-no\" data-id=\"723fd975\" data-element_type=\"section\">\n\t\t\t\t\t\t<div class=\"elementor-container elementor-column-gap-default\">\n\t\t\t\t\t<div class=\"elementor-column elementor-col-100 elementor-inner-column elementor-element elementor-element-2fa247a7\" data-id=\"2fa247a7\" data-element_type=\"column\">\n\t\t\t<div class=\"elementor-widget-wrap elementor-element-populated\">\n\t\t\t\t\t\t\t\t<div class=\"elementor-element elementor-element-50671baa elementor-grid-eael-col-3 elementor-grid-tablet-eael-col-3 elementor-grid-mobile-eael-col-1 elementor-invisible elementor-widget elementor-widget-eael-post-grid\" data-id=\"50671baa\" data-element_type=\"widget\" data-settings=\"{&quot;eael_post_grid_columns&quot;:&quot;eael-col-3&quot;,&quot;eael_post_grid_columns_tablet&quot;:&quot;eael-col-3&quot;,&quot;_animation&quot;:&quot;fadeInUp&quot;,&quot;eael_post_grid_columns_mobile&quot;:&quot;eael-col-1&quot;}\" data-widget_type=\"eael-post-grid.default\">\n\t\t\t\t<div class=\"elementor-widget-container\">\n\t\t\t<div id=\"eael-post-grid-50671baa\" class=\"eael-post-grid-container\">\n            <div class=\"eael-post-grid eael-post-appender eael-post-appender-50671baa eael-post-grid-style-default\" data-layout-mode=\"grid\"><p class=\"no-posts-found\">No posts found!<\/p><\/div>\n            <div class=\"clearfix\"><\/div>\n        <\/div>\t\t<\/div>\n\t\t\t\t<\/div>\n\t\t\t\t\t<\/div>\n\t\t<\/div>\n\t\t\t\t\t\t\t<\/div>\n\t\t<\/section>\n\t\t\t\t\t<\/div>\n\t\t<\/div>\n\t\t\t\t\t\t\t<\/div>\n\t\t<\/section>\n\t\t\t\t\t\t\t<\/div>\n\t\t","protected":false},"excerpt":{"rendered":"<p>L&#8217;histoire Des origines \u00e0 nos jours L\u2019association Malakoff Plurielle est l\u2019\u00e9mergence de la liste du m\u00eame nom cr\u00e9\u00e9e lors des \u00e9lections municipales de 2014. Nous avions recueilli 1 653 voix, soit 18,09% des voix des \u00e9lecteurs et trois \u00e9lus ! Nous avons souhait\u00e9 poursuivre son projet, et, le 29 avril 2014, l\u2019\u00e9quipe de campagne a &hellip;<\/p>\n<p class=\"read-more\"> <a class=\"\" href=\"https:\/\/new.malakoff-plurielle.fr\/index.php\/lhistoire\/\"> <span class=\"screen-reader-text\">L&#8217;histoire<\/span> Read More &raquo;<\/a><\/p>\n","protected":false},"author":1,"featured_media":0,"parent":0,"menu_order":0,"comment_status":"closed","ping_status":"closed","template":"elementor_theme","meta":{"_uag_custom_page_level_css":"","site-sidebar-layout":"no-sidebar","site-content-layout":"page-builder","ast-global-header-display":"","ast-main-header-display":"","ast-hfb-above-header-display":"","ast-hfb-below-header-display":"","ast-hfb-mobile-header-display":"","site-post-title":"disabled","ast-breadcrumbs-content":"","ast-featured-img":"disabled","footer-sml-layout":"","theme-transparent-header-meta":"","adv-header-id-meta":"","stick-header-meta":"","header-above-stick-meta":"","header-main-stick-meta":"","header-below-stick-meta":""},"uagb_featured_image_src":{"full":false,"thumbnail":false,"medium":false,"medium_large":false,"large":false,"1536x1536":false,"2048x2048":false},"uagb_author_info":{"display_name":"newmalakoffplurielle","author_link":"https:\/\/new.malakoff-plurielle.fr\/index.php\/author\/newmalakoffplurielle\/"},"uagb_comment_info":0,"uagb_excerpt":"L&#8217;histoire Des origines \u00e0 nos jours L\u2019association Malakoff Plurielle est l\u2019\u00e9mergence de la liste du m\u00eame nom cr\u00e9\u00e9e lors des \u00e9lections municipales de 2014. Nous avions recueilli 1 653 voix, soit 18,09% des voix des \u00e9lecteurs et trois \u00e9lus ! Nous avons souhait\u00e9 poursuivre son projet, et, le 29 avril 2014, l\u2019\u00e9quipe de campagne a&hellip;","_links":{"self":[{"href":"https:\/\/new.malakoff-plurielle.fr\/index.php\/wp-json\/wp\/v2\/pages\/1232"}],"collection":[{"href":"https:\/\/new.malakoff-plurielle.fr\/index.php\/wp-json\/wp\/v2\/pages"}],"about":[{"href":"https:\/\/new.malakoff-plurielle.fr\/index.php\/wp-json\/wp\/v2\/types\/page"}],"author":[{"embeddable":true,"href":"https:\/\/new.malakoff-plurielle.fr\/index.php\/wp-json\/wp\/v2\/users\/1"}],"replies":[{"embeddable":true,"href":"https:\/\/new.malakoff-plurielle.fr\/index.php\/wp-json\/wp\/v2\/comments?post=1232"}],"version-history":[{"count":43,"href":"https:\/\/new.malakoff-plurielle.fr\/index.php\/wp-json\/wp\/v2\/pages\/1232\/revisions"}],"predecessor-version":[{"id":2290,"href":"https:\/\/new.malakoff-plurielle.fr\/index.php\/wp-json\/wp\/v2\/pages\/1232\/revisions\/2290"}],"wp:attachment":[{"href":"https:\/\/new.malakoff-plurielle.fr\/index.php\/wp-json\/wp\/v2\/media?parent=1232"}],"curies":[{"name":"wp","href":"https:\/\/api.w.org\/{rel}","templated":true}]}}